{"id":1652,"date":"2026-04-19T16:49:41","date_gmt":"2026-04-19T14:49:41","guid":{"rendered":"https:\/\/jsoncrew.com\/playground\/konfigurator-broni-3d\/"},"modified":"2026-04-19T16:49:41","modified_gmt":"2026-04-19T14:49:41","slug":"3d-waffenkonfigurator","status":"publish","type":"page","link":"https:\/\/jsoncrew.com\/de\/showroom\/konfigurator-broni-3d\/","title":{"rendered":"3D-Waffenkonfigurator"},"content":{"rendered":"<p>Interaktywne narz\u0119dzie i estymator wdro\u017cenia.<\/p>","protected":false},"excerpt":{"rendered":"<p>Konfigurator broni 3D krok po kroku: GLB, luneta, magazynki, wyko\u0144czenie korpusu. Artyku\u0142 o WebGL, wycenie, leadach i wdro\u017ceniu pod produkty techniczne.<\/p>","protected":false},"author":2,"featured_media":0,"parent":1650,"menu_order":0,"comment_status":"closed","ping_status":"closed","template":"page-playground-tool.php","meta":{"_acf_changed":false,"footnotes":""},"class_list":["post-1652","page","type-page","status-publish","hentry"],"acf":[],"yoast_head":"<!-- This site is optimized with the Yoast SEO Premium plugin v23.8 (Yoast SEO v27.2) - https:\/\/yoast.com\/product\/yoast-seo-premium-wordpress\/ -->\n<title>Konfigurator broni 3D - JSON Crew<\/title>\n<meta name=\"robots\" content=\"index, follow, max-snippet:-1, max-image-preview:large, max-video-preview:-1\" \/>\n<link rel=\"canonical\" href=\"https:\/\/jsoncrew.com\/de\/showroom\/3d-waffenkonfigurator\/\" \/>\n<meta property=\"og:locale\" content=\"de_DE\" \/>\n<meta property=\"og:type\" content=\"article\" \/>\n<meta property=\"og:title\" content=\"Konfigurator broni 3D\" \/>\n<meta property=\"og:description\" content=\"3D weapon configurator step-by-step: GLB, scope, magazines, body finish. Article about WebGL, pricing, leads, and implementation for technical products.\" \/>\n<meta property=\"og:url\" content=\"https:\/\/jsoncrew.com\/de\/showroom\/3d-waffenkonfigurator\/\" \/>\n<meta property=\"og:site_name\" content=\"JSON Crew\" \/>\n<meta property=\"og:image\" content=\"https:\/\/jsoncrew.com\/wp-content\/uploads\/2026\/02\/image-27-e1771579443134.png\" \/>\n\t<meta property=\"og:image:width\" content=\"1536\" \/>\n\t<meta property=\"og:image:height\" content=\"845\" \/>\n\t<meta property=\"og:image:type\" content=\"image\/png\" \/>\n<meta name=\"twitter:card\" content=\"summary_large_image\" \/>\n<script type=\"application\/ld+json\" class=\"yoast-schema-graph\">{\"@context\":\"https:\/\/schema.org\",\"@graph\":[{\"@type\":\"WebPage\",\"@id\":\"https:\/\/jsoncrew.com\/showroom\/konfigurator-broni-3d\/\",\"url\":\"https:\/\/jsoncrew.com\/showroom\/konfigurator-broni-3d\/\",\"name\":\"Konfigurator broni 3D - JSON Crew\",\"isPartOf\":{\"@id\":\"https:\/\/jsoncrew.com\/#website\"},\"datePublished\":\"2026-04-19T14:49:41+00:00\",\"breadcrumb\":{\"@id\":\"https:\/\/jsoncrew.com\/showroom\/konfigurator-broni-3d\/#breadcrumb\"},\"inLanguage\":\"de\",\"potentialAction\":[{\"@type\":\"ReadAction\",\"target\":[\"https:\/\/jsoncrew.com\/showroom\/konfigurator-broni-3d\/\"]}]},{\"@type\":\"BreadcrumbList\",\"@id\":\"https:\/\/jsoncrew.com\/showroom\/konfigurator-broni-3d\/#breadcrumb\",\"itemListElement\":[{\"@type\":\"ListItem\",\"position\":1,\"name\":\"Strona g\u0142\u00f3wna\",\"item\":\"https:\/\/jsoncrew.com\/\"},{\"@type\":\"ListItem\",\"position\":2,\"name\":\"Showroom\",\"item\":\"https:\/\/jsoncrew.com\/showroom\/\"},{\"@type\":\"ListItem\",\"position\":3,\"name\":\"Konfigurator broni 3D\"}]},{\"@type\":\"WebSite\",\"@id\":\"https:\/\/jsoncrew.com\/#website\",\"url\":\"https:\/\/jsoncrew.com\/\",\"name\":\"JSON Crew: automatyzacje, konfiguratory, interaktywne sale konferencyjne, kioski interaktywne\",\"description\":\"automatyzacje, konfiguratory, interaktywne sale konferencyjne, kioski interaktywne\",\"potentialAction\":[{\"@type\":\"SearchAction\",\"target\":{\"@type\":\"EntryPoint\",\"urlTemplate\":\"https:\/\/jsoncrew.com\/?s={search_term_string}\"},\"query-input\":{\"@type\":\"PropertyValueSpecification\",\"valueRequired\":true,\"valueName\":\"search_term_string\"}}],\"inLanguage\":\"de\"}]}<\/script>\n<!-- \/ Yoast SEO Premium plugin. -->","yoast_head_json":{"title":"3D-Waffen-Konfigurator - JSON-Crew","robots":{"index":"index","follow":"follow","max-snippet":"max-snippet:-1","max-image-preview":"max-image-preview:large","max-video-preview":"max-video-preview:-1"},"canonical":"https:\/\/jsoncrew.com\/de\/showroom\/3d-waffenkonfigurator\/","og_locale":"de_DE","og_type":"article","og_title":"Konfigurator broni 3D","og_description":"3D weapon configurator step-by-step: GLB, scope, magazines, body finish. Article about WebGL, pricing, leads, and implementation for technical products.","og_url":"https:\/\/jsoncrew.com\/de\/showroom\/3d-waffenkonfigurator\/","og_site_name":"JSON Crew","og_image":[{"width":1536,"height":845,"url":"https:\/\/jsoncrew.com\/wp-content\/uploads\/2026\/02\/image-27-e1771579443134.png","type":"image\/png"}],"twitter_card":"summary_large_image","schema":{"@context":"https:\/\/schema.org","@graph":[{"@type":"WebPage","@id":"https:\/\/jsoncrew.com\/showroom\/konfigurator-broni-3d\/","url":"https:\/\/jsoncrew.com\/showroom\/konfigurator-broni-3d\/","name":"3D-Waffen-Konfigurator - JSON-Crew","isPartOf":{"@id":"https:\/\/jsoncrew.com\/#website"},"datePublished":"2026-04-19T14:49:41+00:00","breadcrumb":{"@id":"https:\/\/jsoncrew.com\/showroom\/konfigurator-broni-3d\/#breadcrumb"},"inLanguage":"de","potentialAction":[{"@type":"ReadAction","target":["https:\/\/jsoncrew.com\/showroom\/konfigurator-broni-3d\/"]}]},{"@type":"BreadcrumbList","@id":"https:\/\/jsoncrew.com\/showroom\/konfigurator-broni-3d\/#breadcrumb","itemListElement":[{"@type":"ListItem","position":1,"name":"Strona g\u0142\u00f3wna","item":"https:\/\/jsoncrew.com\/"},{"@type":"ListItem","position":2,"name":"Showroom","item":"https:\/\/jsoncrew.com\/showroom\/"},{"@type":"ListItem","position":3,"name":"Konfigurator broni 3D"}]},{"@type":"WebSite","@id":"https:\/\/jsoncrew.com\/#website","url":"https:\/\/jsoncrew.com\/","name":"JSON Crew: Automatisierungen, Konfiguratoren, interaktive Konferenzr\u00e4ume, interaktive Kioske","description":"Automatisierungen, Konfiguratoren, interaktive Konferenzr\u00e4ume, interaktive Kioske","potentialAction":[{"@type":"SearchAction","target":{"@type":"EntryPoint","urlTemplate":"https:\/\/jsoncrew.com\/?s={search_term_string}"},"query-input":{"@type":"PropertyValueSpecification","valueRequired":true,"valueName":"search_term_string"}}],"inLanguage":"de"}]}},"_links":{"self":[{"href":"https:\/\/jsoncrew.com\/de\/wp-json\/wp\/v2\/pages\/1652","targetHints":{"allow":["GET"]}}],"collection":[{"href":"https:\/\/jsoncrew.com\/de\/wp-json\/wp\/v2\/pages"}],"about":[{"href":"https:\/\/jsoncrew.com\/de\/wp-json\/wp\/v2\/types\/page"}],"author":[{"embeddable":true,"href":"https:\/\/jsoncrew.com\/de\/wp-json\/wp\/v2\/users\/2"}],"replies":[{"embeddable":true,"href":"https:\/\/jsoncrew.com\/de\/wp-json\/wp\/v2\/comments?post=1652"}],"version-history":[{"count":0,"href":"https:\/\/jsoncrew.com\/de\/wp-json\/wp\/v2\/pages\/1652\/revisions"}],"up":[{"embeddable":true,"href":"https:\/\/jsoncrew.com\/de\/wp-json\/wp\/v2\/pages\/1650"}],"wp:attachment":[{"href":"https:\/\/jsoncrew.com\/de\/wp-json\/wp\/v2\/media?parent=1652"}],"curies":[{"name":"wp","href":"https:\/\/api.w.org\/{rel}","templated":true}]}}