{"id":1019,"date":"2026-01-23T16:55:06","date_gmt":"2026-01-23T15:55:06","guid":{"rendered":"https:\/\/jsoncrew.com\/?page_id=1019"},"modified":"2026-02-04T16:47:44","modified_gmt":"2026-02-04T15:47:44","slug":"digital-quotations-and-calculations","status":"publish","type":"page","link":"https:\/\/jsoncrew.com\/en\/oferta\/cyfrowe-ofertowanie-i-kalkulacje\/","title":{"rendered":"Digital quoting and calculations"},"content":{"rendered":"","protected":false},"excerpt":{"rendered":"","protected":false},"author":1,"featured_media":0,"parent":1015,"menu_order":0,"comment_status":"closed","ping_status":"closed","template":"ofertownik.php","meta":{"_acf_changed":false,"footnotes":""},"class_list":["post-1019","page","type-page","status-publish","hentry"],"acf":[],"yoast_head":"<!-- This site is optimized with the Yoast SEO Premium plugin v23.8 (Yoast SEO v27.2) - https:\/\/yoast.com\/product\/yoast-seo-premium-wordpress\/ -->\n<title>Cyfrowe ofertowanie i kalkulacje - JSON Crew<\/title>\n<meta name=\"description\" content=\"System cyfrowego ofertowania to nie koszt, tylko najszybszy i najdok\u0142adniejszy spos\u00f3b na przygotowanie ofert. Dzia\u0142a w przegl\u0105darce, nie robi b\u0142\u0119d\u00f3w, nie szuka danych. Skalowanie przestaje by\u0107 kwesti\u0105 czasu.\" \/>\n<meta name=\"robots\" content=\"index, follow, max-snippet:-1, max-image-preview:large, max-video-preview:-1\" \/>\n<link rel=\"canonical\" href=\"https:\/\/jsoncrew.com\/en\/offer\/digital-quotations-and-calculations\/\" \/>\n<meta property=\"og:locale\" content=\"en_US\" \/>\n<meta property=\"og:type\" content=\"article\" \/>\n<meta property=\"og:title\" content=\"Cyfrowe ofertowanie i kalkulacje\" \/>\n<meta property=\"og:description\" content=\"System cyfrowego ofertowania to nie koszt, tylko najszybszy i najdok\u0142adniejszy spos\u00f3b na przygotowanie ofert. Dzia\u0142a w przegl\u0105darce, nie robi b\u0142\u0119d\u00f3w, nie szuka danych. Skalowanie przestaje by\u0107 kwesti\u0105 czasu.\" \/>\n<meta property=\"og:url\" content=\"https:\/\/jsoncrew.com\/en\/offer\/digital-quotations-and-calculations\/\" \/>\n<meta property=\"og:site_name\" content=\"JSON Crew\" \/>\n<meta property=\"article:modified_time\" content=\"2026-02-04T15:47:44+00:00\" \/>\n<meta property=\"og:image\" content=\"https:\/\/jsoncrew.com\/wp-content\/uploads\/2026\/02\/image-27-e1771579443134.png\" \/>\n\t<meta property=\"og:image:width\" content=\"1536\" \/>\n\t<meta property=\"og:image:height\" content=\"845\" \/>\n\t<meta property=\"og:image:type\" content=\"image\/png\" \/>\n<meta name=\"twitter:card\" content=\"summary_large_image\" \/>\n<script type=\"application\/ld+json\" class=\"yoast-schema-graph\">{\"@context\":\"https:\/\/schema.org\",\"@graph\":[{\"@type\":\"WebPage\",\"@id\":\"https:\/\/jsoncrew.com\/oferta\/cyfrowe-ofertowanie-i-kalkulacje\/\",\"url\":\"https:\/\/jsoncrew.com\/oferta\/cyfrowe-ofertowanie-i-kalkulacje\/\",\"name\":\"Cyfrowe ofertowanie i kalkulacje - JSON Crew\",\"isPartOf\":{\"@id\":\"https:\/\/jsoncrew.com\/#website\"},\"datePublished\":\"2026-01-23T15:55:06+00:00\",\"dateModified\":\"2026-02-04T15:47:44+00:00\",\"description\":\"System cyfrowego ofertowania to nie koszt, tylko najszybszy i najdok\u0142adniejszy spos\u00f3b na przygotowanie ofert. Dzia\u0142a w przegl\u0105darce, nie robi b\u0142\u0119d\u00f3w, nie szuka danych. Skalowanie przestaje by\u0107 kwesti\u0105 czasu.\",\"breadcrumb\":{\"@id\":\"https:\/\/jsoncrew.com\/oferta\/cyfrowe-ofertowanie-i-kalkulacje\/#breadcrumb\"},\"inLanguage\":\"en-US\",\"potentialAction\":[{\"@type\":\"ReadAction\",\"target\":[\"https:\/\/jsoncrew.com\/oferta\/cyfrowe-ofertowanie-i-kalkulacje\/\"]}]},{\"@type\":\"BreadcrumbList\",\"@id\":\"https:\/\/jsoncrew.com\/oferta\/cyfrowe-ofertowanie-i-kalkulacje\/#breadcrumb\",\"itemListElement\":[{\"@type\":\"ListItem\",\"position\":1,\"name\":\"Strona g\u0142\u00f3wna\",\"item\":\"https:\/\/jsoncrew.com\/\"},{\"@type\":\"ListItem\",\"position\":2,\"name\":\"Oferta\",\"item\":\"https:\/\/jsoncrew.com\/oferta\/\"},{\"@type\":\"ListItem\",\"position\":3,\"name\":\"Cyfrowe ofertowanie i kalkulacje\"}]},{\"@type\":\"WebSite\",\"@id\":\"https:\/\/jsoncrew.com\/#website\",\"url\":\"https:\/\/jsoncrew.com\/\",\"name\":\"JSON Crew: automatyzacje, konfiguratory, interaktywne sale konferencyjne, kioski interaktywne\",\"description\":\"automatyzacje, konfiguratory, interaktywne sale konferencyjne, kioski interaktywne\",\"potentialAction\":[{\"@type\":\"SearchAction\",\"target\":{\"@type\":\"EntryPoint\",\"urlTemplate\":\"https:\/\/jsoncrew.com\/?s={search_term_string}\"},\"query-input\":{\"@type\":\"PropertyValueSpecification\",\"valueRequired\":true,\"valueName\":\"search_term_string\"}}],\"inLanguage\":\"en-US\"}]}<\/script>\n<!-- \/ Yoast SEO Premium plugin. -->","yoast_head_json":{"title":"Digital quoting and calculations - JSON Crew","description":"The digital bidding system is not a cost, but the fastest and most accurate way to prepare bids. It works in the browser, does not make errors, does not search for data. Scaling is no longer a matter of time.","robots":{"index":"index","follow":"follow","max-snippet":"max-snippet:-1","max-image-preview":"max-image-preview:large","max-video-preview":"max-video-preview:-1"},"canonical":"https:\/\/jsoncrew.com\/en\/offer\/digital-quotations-and-calculations\/","og_locale":"en_US","og_type":"article","og_title":"Cyfrowe ofertowanie i kalkulacje","og_description":"System cyfrowego ofertowania to nie koszt, tylko najszybszy i najdok\u0142adniejszy spos\u00f3b na przygotowanie ofert. Dzia\u0142a w przegl\u0105darce, nie robi b\u0142\u0119d\u00f3w, nie szuka danych. Skalowanie przestaje by\u0107 kwesti\u0105 czasu.","og_url":"https:\/\/jsoncrew.com\/en\/offer\/digital-quotations-and-calculations\/","og_site_name":"JSON Crew","article_modified_time":"2026-02-04T15:47:44+00:00","og_image":[{"width":1536,"height":845,"url":"https:\/\/jsoncrew.com\/wp-content\/uploads\/2026\/02\/image-27-e1771579443134.png","type":"image\/png"}],"twitter_card":"summary_large_image","schema":{"@context":"https:\/\/schema.org","@graph":[{"@type":"WebPage","@id":"https:\/\/jsoncrew.com\/oferta\/cyfrowe-ofertowanie-i-kalkulacje\/","url":"https:\/\/jsoncrew.com\/oferta\/cyfrowe-ofertowanie-i-kalkulacje\/","name":"Digital quoting and calculations - JSON Crew","isPartOf":{"@id":"https:\/\/jsoncrew.com\/#website"},"datePublished":"2026-01-23T15:55:06+00:00","dateModified":"2026-02-04T15:47:44+00:00","description":"The digital bidding system is not a cost, but the fastest and most accurate way to prepare bids. It works in the browser, does not make errors, does not search for data. Scaling is no longer a matter of time.","breadcrumb":{"@id":"https:\/\/jsoncrew.com\/oferta\/cyfrowe-ofertowanie-i-kalkulacje\/#breadcrumb"},"inLanguage":"en-US","potentialAction":[{"@type":"ReadAction","target":["https:\/\/jsoncrew.com\/oferta\/cyfrowe-ofertowanie-i-kalkulacje\/"]}]},{"@type":"BreadcrumbList","@id":"https:\/\/jsoncrew.com\/oferta\/cyfrowe-ofertowanie-i-kalkulacje\/#breadcrumb","itemListElement":[{"@type":"ListItem","position":1,"name":"Strona g\u0142\u00f3wna","item":"https:\/\/jsoncrew.com\/"},{"@type":"ListItem","position":2,"name":"Oferta","item":"https:\/\/jsoncrew.com\/oferta\/"},{"@type":"ListItem","position":3,"name":"Cyfrowe ofertowanie i kalkulacje"}]},{"@type":"WebSite","@id":"https:\/\/jsoncrew.com\/#website","url":"https:\/\/jsoncrew.com\/","name":"JSON Crew: automations, configurators, interactive meeting rooms, interactive kiosks","description":"automations, configurators, interactive conference rooms, interactive kiosks","potentialAction":[{"@type":"SearchAction","target":{"@type":"EntryPoint","urlTemplate":"https:\/\/jsoncrew.com\/?s={search_term_string}"},"query-input":{"@type":"PropertyValueSpecification","valueRequired":true,"valueName":"search_term_string"}}],"inLanguage":"en-US"}]}},"_links":{"self":[{"href":"https:\/\/jsoncrew.com\/en\/wp-json\/wp\/v2\/pages\/1019","targetHints":{"allow":["GET"]}}],"collection":[{"href":"https:\/\/jsoncrew.com\/en\/wp-json\/wp\/v2\/pages"}],"about":[{"href":"https:\/\/jsoncrew.com\/en\/wp-json\/wp\/v2\/types\/page"}],"author":[{"embeddable":true,"href":"https:\/\/jsoncrew.com\/en\/wp-json\/wp\/v2\/users\/1"}],"replies":[{"embeddable":true,"href":"https:\/\/jsoncrew.com\/en\/wp-json\/wp\/v2\/comments?post=1019"}],"version-history":[{"count":1,"href":"https:\/\/jsoncrew.com\/en\/wp-json\/wp\/v2\/pages\/1019\/revisions"}],"predecessor-version":[{"id":1020,"href":"https:\/\/jsoncrew.com\/en\/wp-json\/wp\/v2\/pages\/1019\/revisions\/1020"}],"up":[{"embeddable":true,"href":"https:\/\/jsoncrew.com\/en\/wp-json\/wp\/v2\/pages\/1015"}],"wp:attachment":[{"href":"https:\/\/jsoncrew.com\/en\/wp-json\/wp\/v2\/media?parent=1019"}],"curies":[{"name":"wp","href":"https:\/\/api.w.org\/{rel}","templated":true}]}}