{"id":1023,"date":"2026-01-23T16:56:34","date_gmt":"2026-01-23T15:56:34","guid":{"rendered":"https:\/\/jsoncrew.com\/?page_id=1023"},"modified":"2026-02-04T16:48:09","modified_gmt":"2026-02-04T15:48:09","slug":"interactive-meeting-rooms","status":"publish","type":"page","link":"https:\/\/jsoncrew.com\/en\/oferta\/interaktywne-sale-konferencyjne\/","title":{"rendered":"Interactive meeting rooms"},"content":{"rendered":"","protected":false},"excerpt":{"rendered":"","protected":false},"author":1,"featured_media":0,"parent":1015,"menu_order":0,"comment_status":"closed","ping_status":"closed","template":"conferation.php","meta":{"_acf_changed":false,"footnotes":""},"class_list":["post-1023","page","type-page","status-publish","hentry"],"acf":[],"yoast_head":"<!-- This site is optimized with the Yoast SEO Premium plugin v23.8 (Yoast SEO v27.2) - https:\/\/yoast.com\/product\/yoast-seo-premium-wordpress\/ -->\n<title>Interaktywne sale konferencyjne - JSON Crew<\/title>\n<meta name=\"description\" content=\"Interaktywna sala konferencyjna to nie koszt, tylko transformacja sposobu komunikacji. Uczestnicy nie tylko s\u0142uchaj\u0105 \u2014 wsp\u00f3\u0142pracuj\u0105, notuj\u0105, zapami\u0119tuj\u0105. Skalowanie przestaje by\u0107 kwesti\u0105 liczby sal.\" \/>\n<meta name=\"robots\" content=\"index, follow, max-snippet:-1, max-image-preview:large, max-video-preview:-1\" \/>\n<link rel=\"canonical\" href=\"https:\/\/jsoncrew.com\/en\/offer\/interactive-meeting-rooms\/\" \/>\n<meta property=\"og:locale\" content=\"en_US\" \/>\n<meta property=\"og:type\" content=\"article\" \/>\n<meta property=\"og:title\" content=\"Interaktywne sale konferencyjne\" \/>\n<meta property=\"og:description\" content=\"Interaktywna sala konferencyjna to nie koszt, tylko transformacja sposobu komunikacji. Uczestnicy nie tylko s\u0142uchaj\u0105 \u2014 wsp\u00f3\u0142pracuj\u0105, notuj\u0105, zapami\u0119tuj\u0105. Skalowanie przestaje by\u0107 kwesti\u0105 liczby sal.\" \/>\n<meta property=\"og:url\" content=\"https:\/\/jsoncrew.com\/en\/offer\/interactive-meeting-rooms\/\" \/>\n<meta property=\"og:site_name\" content=\"JSON Crew\" \/>\n<meta property=\"article:modified_time\" content=\"2026-02-04T15:48:09+00:00\" \/>\n<meta property=\"og:image\" content=\"https:\/\/jsoncrew.com\/wp-content\/uploads\/2026\/02\/image-27-e1771579443134.png\" \/>\n\t<meta property=\"og:image:width\" content=\"1536\" \/>\n\t<meta property=\"og:image:height\" content=\"845\" \/>\n\t<meta property=\"og:image:type\" content=\"image\/png\" \/>\n<meta name=\"twitter:card\" content=\"summary_large_image\" \/>\n<script type=\"application\/ld+json\" class=\"yoast-schema-graph\">{\"@context\":\"https:\/\/schema.org\",\"@graph\":[{\"@type\":\"WebPage\",\"@id\":\"https:\/\/jsoncrew.com\/oferta\/interaktywne-sale-konferencyjne\/\",\"url\":\"https:\/\/jsoncrew.com\/oferta\/interaktywne-sale-konferencyjne\/\",\"name\":\"Interaktywne sale konferencyjne - JSON Crew\",\"isPartOf\":{\"@id\":\"https:\/\/jsoncrew.com\/#website\"},\"datePublished\":\"2026-01-23T15:56:34+00:00\",\"dateModified\":\"2026-02-04T15:48:09+00:00\",\"description\":\"Interaktywna sala konferencyjna to nie koszt, tylko transformacja sposobu komunikacji. Uczestnicy nie tylko s\u0142uchaj\u0105 \u2014 wsp\u00f3\u0142pracuj\u0105, notuj\u0105, zapami\u0119tuj\u0105. Skalowanie przestaje by\u0107 kwesti\u0105 liczby sal.\",\"breadcrumb\":{\"@id\":\"https:\/\/jsoncrew.com\/oferta\/interaktywne-sale-konferencyjne\/#breadcrumb\"},\"inLanguage\":\"en-US\",\"potentialAction\":[{\"@type\":\"ReadAction\",\"target\":[\"https:\/\/jsoncrew.com\/oferta\/interaktywne-sale-konferencyjne\/\"]}]},{\"@type\":\"BreadcrumbList\",\"@id\":\"https:\/\/jsoncrew.com\/oferta\/interaktywne-sale-konferencyjne\/#breadcrumb\",\"itemListElement\":[{\"@type\":\"ListItem\",\"position\":1,\"name\":\"Strona g\u0142\u00f3wna\",\"item\":\"https:\/\/jsoncrew.com\/\"},{\"@type\":\"ListItem\",\"position\":2,\"name\":\"Oferta\",\"item\":\"https:\/\/jsoncrew.com\/oferta\/\"},{\"@type\":\"ListItem\",\"position\":3,\"name\":\"Interaktywne sale konferencyjne\"}]},{\"@type\":\"WebSite\",\"@id\":\"https:\/\/jsoncrew.com\/#website\",\"url\":\"https:\/\/jsoncrew.com\/\",\"name\":\"JSON Crew: automatyzacje, konfiguratory, interaktywne sale konferencyjne, kioski interaktywne\",\"description\":\"automatyzacje, konfiguratory, interaktywne sale konferencyjne, kioski interaktywne\",\"potentialAction\":[{\"@type\":\"SearchAction\",\"target\":{\"@type\":\"EntryPoint\",\"urlTemplate\":\"https:\/\/jsoncrew.com\/?s={search_term_string}\"},\"query-input\":{\"@type\":\"PropertyValueSpecification\",\"valueRequired\":true,\"valueName\":\"search_term_string\"}}],\"inLanguage\":\"en-US\"}]}<\/script>\n<!-- \/ Yoast SEO Premium plugin. -->","yoast_head_json":{"title":"Interactive meeting rooms - JSON Crew","description":"An interactive conference room is not a cost, but a transformation of the way we communicate. Participants don't just listen - they collaborate, take notes, remember. Scaling is no longer a question of the number of rooms.","robots":{"index":"index","follow":"follow","max-snippet":"max-snippet:-1","max-image-preview":"max-image-preview:large","max-video-preview":"max-video-preview:-1"},"canonical":"https:\/\/jsoncrew.com\/en\/offer\/interactive-meeting-rooms\/","og_locale":"en_US","og_type":"article","og_title":"Interaktywne sale konferencyjne","og_description":"Interaktywna sala konferencyjna to nie koszt, tylko transformacja sposobu komunikacji. Uczestnicy nie tylko s\u0142uchaj\u0105 \u2014 wsp\u00f3\u0142pracuj\u0105, notuj\u0105, zapami\u0119tuj\u0105. Skalowanie przestaje by\u0107 kwesti\u0105 liczby sal.","og_url":"https:\/\/jsoncrew.com\/en\/offer\/interactive-meeting-rooms\/","og_site_name":"JSON Crew","article_modified_time":"2026-02-04T15:48:09+00:00","og_image":[{"width":1536,"height":845,"url":"https:\/\/jsoncrew.com\/wp-content\/uploads\/2026\/02\/image-27-e1771579443134.png","type":"image\/png"}],"twitter_card":"summary_large_image","schema":{"@context":"https:\/\/schema.org","@graph":[{"@type":"WebPage","@id":"https:\/\/jsoncrew.com\/oferta\/interaktywne-sale-konferencyjne\/","url":"https:\/\/jsoncrew.com\/oferta\/interaktywne-sale-konferencyjne\/","name":"Interactive meeting rooms - JSON Crew","isPartOf":{"@id":"https:\/\/jsoncrew.com\/#website"},"datePublished":"2026-01-23T15:56:34+00:00","dateModified":"2026-02-04T15:48:09+00:00","description":"An interactive conference room is not a cost, but a transformation of the way we communicate. Participants don't just listen - they collaborate, take notes, remember. Scaling is no longer a question of the number of rooms.","breadcrumb":{"@id":"https:\/\/jsoncrew.com\/oferta\/interaktywne-sale-konferencyjne\/#breadcrumb"},"inLanguage":"en-US","potentialAction":[{"@type":"ReadAction","target":["https:\/\/jsoncrew.com\/oferta\/interaktywne-sale-konferencyjne\/"]}]},{"@type":"BreadcrumbList","@id":"https:\/\/jsoncrew.com\/oferta\/interaktywne-sale-konferencyjne\/#breadcrumb","itemListElement":[{"@type":"ListItem","position":1,"name":"Strona g\u0142\u00f3wna","item":"https:\/\/jsoncrew.com\/"},{"@type":"ListItem","position":2,"name":"Oferta","item":"https:\/\/jsoncrew.com\/oferta\/"},{"@type":"ListItem","position":3,"name":"Interaktywne sale konferencyjne"}]},{"@type":"WebSite","@id":"https:\/\/jsoncrew.com\/#website","url":"https:\/\/jsoncrew.com\/","name":"JSON Crew: automations, configurators, interactive meeting rooms, interactive kiosks","description":"automations, configurators, interactive conference rooms, interactive kiosks","potentialAction":[{"@type":"SearchAction","target":{"@type":"EntryPoint","urlTemplate":"https:\/\/jsoncrew.com\/?s={search_term_string}"},"query-input":{"@type":"PropertyValueSpecification","valueRequired":true,"valueName":"search_term_string"}}],"inLanguage":"en-US"}]}},"_links":{"self":[{"href":"https:\/\/jsoncrew.com\/en\/wp-json\/wp\/v2\/pages\/1023","targetHints":{"allow":["GET"]}}],"collection":[{"href":"https:\/\/jsoncrew.com\/en\/wp-json\/wp\/v2\/pages"}],"about":[{"href":"https:\/\/jsoncrew.com\/en\/wp-json\/wp\/v2\/types\/page"}],"author":[{"embeddable":true,"href":"https:\/\/jsoncrew.com\/en\/wp-json\/wp\/v2\/users\/1"}],"replies":[{"embeddable":true,"href":"https:\/\/jsoncrew.com\/en\/wp-json\/wp\/v2\/comments?post=1023"}],"version-history":[{"count":1,"href":"https:\/\/jsoncrew.com\/en\/wp-json\/wp\/v2\/pages\/1023\/revisions"}],"predecessor-version":[{"id":1024,"href":"https:\/\/jsoncrew.com\/en\/wp-json\/wp\/v2\/pages\/1023\/revisions\/1024"}],"up":[{"embeddable":true,"href":"https:\/\/jsoncrew.com\/en\/wp-json\/wp\/v2\/pages\/1015"}],"wp:attachment":[{"href":"https:\/\/jsoncrew.com\/en\/wp-json\/wp\/v2\/media?parent=1023"}],"curies":[{"name":"wp","href":"https:\/\/api.w.org\/{rel}","templated":true}]}}