{"id":1025,"date":"2026-01-23T16:58:03","date_gmt":"2026-01-23T15:58:03","guid":{"rendered":"https:\/\/jsoncrew.com\/?page_id=1025"},"modified":"2026-02-04T16:49:16","modified_gmt":"2026-02-04T15:49:16","slug":"websites-and-stores","status":"publish","type":"page","link":"https:\/\/jsoncrew.com\/en\/oferta\/strony-internetowe-i-sklepy\/","title":{"rendered":"Websites and stores"},"content":{"rendered":"","protected":false},"excerpt":{"rendered":"","protected":false},"author":1,"featured_media":0,"parent":1015,"menu_order":0,"comment_status":"closed","ping_status":"closed","template":"websites.php","meta":{"_acf_changed":false,"footnotes":""},"class_list":["post-1025","page","type-page","status-publish","hentry"],"acf":[],"yoast_head":"<!-- This site is optimized with the Yoast SEO Premium plugin v23.8 (Yoast SEO v27.2) - https:\/\/yoast.com\/product\/yoast-seo-premium-wordpress\/ -->\n<title>Strony internetowe i sklepy - JSON Crew<\/title>\n<meta name=\"description\" content=\"Strona internetowa lub sklep to nie koszt, tylko najta\u0144sze i najwydajniejsze biuro sprzeda\u017cowe. Dzia\u0142a bez przerwy, nie robi b\u0142\u0119d\u00f3w, nie przegapia rozm\u00f3w. Skalowanie przestaje by\u0107 kwesti\u0105 zatrudniania.\" \/>\n<meta name=\"robots\" content=\"index, follow, max-snippet:-1, max-image-preview:large, max-video-preview:-1\" \/>\n<link rel=\"canonical\" href=\"https:\/\/jsoncrew.com\/en\/offer\/websites-and-stores\/\" \/>\n<meta property=\"og:locale\" content=\"en_US\" \/>\n<meta property=\"og:type\" content=\"article\" \/>\n<meta property=\"og:title\" content=\"Strony internetowe i sklepy\" \/>\n<meta property=\"og:description\" content=\"Strona internetowa lub sklep to nie koszt, tylko najta\u0144sze i najwydajniejsze biuro sprzeda\u017cowe. Dzia\u0142a bez przerwy, nie robi b\u0142\u0119d\u00f3w, nie przegapia rozm\u00f3w. Skalowanie przestaje by\u0107 kwesti\u0105 zatrudniania.\" \/>\n<meta property=\"og:url\" content=\"https:\/\/jsoncrew.com\/en\/offer\/websites-and-stores\/\" \/>\n<meta property=\"og:site_name\" content=\"JSON Crew\" \/>\n<meta property=\"article:modified_time\" content=\"2026-02-04T15:49:16+00:00\" \/>\n<meta property=\"og:image\" content=\"https:\/\/jsoncrew.com\/wp-content\/uploads\/2026\/02\/image-27-e1771579443134.png\" \/>\n\t<meta property=\"og:image:width\" content=\"1536\" \/>\n\t<meta property=\"og:image:height\" content=\"845\" \/>\n\t<meta property=\"og:image:type\" content=\"image\/png\" \/>\n<meta name=\"twitter:card\" content=\"summary_large_image\" \/>\n<script type=\"application\/ld+json\" class=\"yoast-schema-graph\">{\"@context\":\"https:\/\/schema.org\",\"@graph\":[{\"@type\":\"WebPage\",\"@id\":\"https:\/\/jsoncrew.com\/oferta\/strony-internetowe-i-sklepy\/\",\"url\":\"https:\/\/jsoncrew.com\/oferta\/strony-internetowe-i-sklepy\/\",\"name\":\"Strony internetowe i sklepy - JSON Crew\",\"isPartOf\":{\"@id\":\"https:\/\/jsoncrew.com\/#website\"},\"datePublished\":\"2026-01-23T15:58:03+00:00\",\"dateModified\":\"2026-02-04T15:49:16+00:00\",\"description\":\"Strona internetowa lub sklep to nie koszt, tylko najta\u0144sze i najwydajniejsze biuro sprzeda\u017cowe. Dzia\u0142a bez przerwy, nie robi b\u0142\u0119d\u00f3w, nie przegapia rozm\u00f3w. Skalowanie przestaje by\u0107 kwesti\u0105 zatrudniania.\",\"breadcrumb\":{\"@id\":\"https:\/\/jsoncrew.com\/oferta\/strony-internetowe-i-sklepy\/#breadcrumb\"},\"inLanguage\":\"en-US\",\"potentialAction\":[{\"@type\":\"ReadAction\",\"target\":[\"https:\/\/jsoncrew.com\/oferta\/strony-internetowe-i-sklepy\/\"]}]},{\"@type\":\"BreadcrumbList\",\"@id\":\"https:\/\/jsoncrew.com\/oferta\/strony-internetowe-i-sklepy\/#breadcrumb\",\"itemListElement\":[{\"@type\":\"ListItem\",\"position\":1,\"name\":\"Strona g\u0142\u00f3wna\",\"item\":\"https:\/\/jsoncrew.com\/\"},{\"@type\":\"ListItem\",\"position\":2,\"name\":\"Oferta\",\"item\":\"https:\/\/jsoncrew.com\/oferta\/\"},{\"@type\":\"ListItem\",\"position\":3,\"name\":\"Strony internetowe i sklepy\"}]},{\"@type\":\"WebSite\",\"@id\":\"https:\/\/jsoncrew.com\/#website\",\"url\":\"https:\/\/jsoncrew.com\/\",\"name\":\"JSON Crew: automatyzacje, konfiguratory, interaktywne sale konferencyjne, kioski interaktywne\",\"description\":\"automatyzacje, konfiguratory, interaktywne sale konferencyjne, kioski interaktywne\",\"potentialAction\":[{\"@type\":\"SearchAction\",\"target\":{\"@type\":\"EntryPoint\",\"urlTemplate\":\"https:\/\/jsoncrew.com\/?s={search_term_string}\"},\"query-input\":{\"@type\":\"PropertyValueSpecification\",\"valueRequired\":true,\"valueName\":\"search_term_string\"}}],\"inLanguage\":\"en-US\"}]}<\/script>\n<!-- \/ Yoast SEO Premium plugin. -->","yoast_head_json":{"title":"Websites and stores - JSON Crew","description":"A website or store is not a cost, but the cheapest and most efficient sales office. It works continuously, doesn't make mistakes, doesn't miss calls. Scaling up is no longer a matter of hiring.","robots":{"index":"index","follow":"follow","max-snippet":"max-snippet:-1","max-image-preview":"max-image-preview:large","max-video-preview":"max-video-preview:-1"},"canonical":"https:\/\/jsoncrew.com\/en\/offer\/websites-and-stores\/","og_locale":"en_US","og_type":"article","og_title":"Strony internetowe i sklepy","og_description":"Strona internetowa lub sklep to nie koszt, tylko najta\u0144sze i najwydajniejsze biuro sprzeda\u017cowe. Dzia\u0142a bez przerwy, nie robi b\u0142\u0119d\u00f3w, nie przegapia rozm\u00f3w. Skalowanie przestaje by\u0107 kwesti\u0105 zatrudniania.","og_url":"https:\/\/jsoncrew.com\/en\/offer\/websites-and-stores\/","og_site_name":"JSON Crew","article_modified_time":"2026-02-04T15:49:16+00:00","og_image":[{"width":1536,"height":845,"url":"https:\/\/jsoncrew.com\/wp-content\/uploads\/2026\/02\/image-27-e1771579443134.png","type":"image\/png"}],"twitter_card":"summary_large_image","schema":{"@context":"https:\/\/schema.org","@graph":[{"@type":"WebPage","@id":"https:\/\/jsoncrew.com\/oferta\/strony-internetowe-i-sklepy\/","url":"https:\/\/jsoncrew.com\/oferta\/strony-internetowe-i-sklepy\/","name":"Websites and stores - JSON Crew","isPartOf":{"@id":"https:\/\/jsoncrew.com\/#website"},"datePublished":"2026-01-23T15:58:03+00:00","dateModified":"2026-02-04T15:49:16+00:00","description":"A website or store is not a cost, but the cheapest and most efficient sales office. It works continuously, doesn't make mistakes, doesn't miss calls. Scaling up is no longer a matter of hiring.","breadcrumb":{"@id":"https:\/\/jsoncrew.com\/oferta\/strony-internetowe-i-sklepy\/#breadcrumb"},"inLanguage":"en-US","potentialAction":[{"@type":"ReadAction","target":["https:\/\/jsoncrew.com\/oferta\/strony-internetowe-i-sklepy\/"]}]},{"@type":"BreadcrumbList","@id":"https:\/\/jsoncrew.com\/oferta\/strony-internetowe-i-sklepy\/#breadcrumb","itemListElement":[{"@type":"ListItem","position":1,"name":"Strona g\u0142\u00f3wna","item":"https:\/\/jsoncrew.com\/"},{"@type":"ListItem","position":2,"name":"Oferta","item":"https:\/\/jsoncrew.com\/oferta\/"},{"@type":"ListItem","position":3,"name":"Strony internetowe i sklepy"}]},{"@type":"WebSite","@id":"https:\/\/jsoncrew.com\/#website","url":"https:\/\/jsoncrew.com\/","name":"JSON Crew: automations, configurators, interactive meeting rooms, interactive kiosks","description":"automations, configurators, interactive conference rooms, interactive kiosks","potentialAction":[{"@type":"SearchAction","target":{"@type":"EntryPoint","urlTemplate":"https:\/\/jsoncrew.com\/?s={search_term_string}"},"query-input":{"@type":"PropertyValueSpecification","valueRequired":true,"valueName":"search_term_string"}}],"inLanguage":"en-US"}]}},"_links":{"self":[{"href":"https:\/\/jsoncrew.com\/en\/wp-json\/wp\/v2\/pages\/1025","targetHints":{"allow":["GET"]}}],"collection":[{"href":"https:\/\/jsoncrew.com\/en\/wp-json\/wp\/v2\/pages"}],"about":[{"href":"https:\/\/jsoncrew.com\/en\/wp-json\/wp\/v2\/types\/page"}],"author":[{"embeddable":true,"href":"https:\/\/jsoncrew.com\/en\/wp-json\/wp\/v2\/users\/1"}],"replies":[{"embeddable":true,"href":"https:\/\/jsoncrew.com\/en\/wp-json\/wp\/v2\/comments?post=1025"}],"version-history":[{"count":1,"href":"https:\/\/jsoncrew.com\/en\/wp-json\/wp\/v2\/pages\/1025\/revisions"}],"predecessor-version":[{"id":1026,"href":"https:\/\/jsoncrew.com\/en\/wp-json\/wp\/v2\/pages\/1025\/revisions\/1026"}],"up":[{"embeddable":true,"href":"https:\/\/jsoncrew.com\/en\/wp-json\/wp\/v2\/pages\/1015"}],"wp:attachment":[{"href":"https:\/\/jsoncrew.com\/en\/wp-json\/wp\/v2\/media?parent=1025"}],"curies":[{"name":"wp","href":"https:\/\/api.w.org\/{rel}","templated":true}]}}