{"id":92,"date":"2026-01-23T08:59:16","date_gmt":"2026-01-23T07:59:16","guid":{"rendered":"https:\/\/jsoncrew.com\/?page_id=92"},"modified":"2026-02-20T10:49:14","modified_gmt":"2026-02-20T09:49:14","slug":"home","status":"publish","type":"page","link":"https:\/\/jsoncrew.com\/en\/","title":{"rendered":"Home"},"content":{"rendered":"","protected":false},"excerpt":{"rendered":"","protected":false},"author":1,"featured_media":0,"parent":0,"menu_order":0,"comment_status":"closed","ping_status":"closed","template":"homepage.php","meta":{"_acf_changed":false,"footnotes":""},"class_list":["post-92","page","type-page","status-publish","hentry"],"acf":[],"yoast_head":"<!-- This site is optimized with the Yoast SEO Premium plugin v23.8 (Yoast SEO v27.2) - https:\/\/yoast.com\/product\/yoast-seo-premium-wordpress\/ -->\n<title>JSON Crew<\/title>\n<meta name=\"description\" content=\"Wdra\u017camy transformacj\u0119 cyfrowej sprzeda\u017cy: od strategii przez procesy po rozwi\u0105zania technologiczne. Software house, kt\u00f3ry wdra\u017ca zmiany od pocz\u0105tku do ko\u0144ca.\" \/>\n<meta name=\"robots\" content=\"index, follow, max-snippet:-1, max-image-preview:large, max-video-preview:-1\" \/>\n<link rel=\"canonical\" href=\"https:\/\/jsoncrew.com\/en\/\" \/>\n<meta property=\"og:locale\" content=\"en_US\" \/>\n<meta property=\"og:type\" content=\"article\" \/>\n<meta property=\"og:title\" content=\"Home\" \/>\n<meta property=\"og:description\" content=\"Wdra\u017camy transformacj\u0119 cyfrowej sprzeda\u017cy: od strategii przez procesy po rozwi\u0105zania technologiczne. Software house, kt\u00f3ry wdra\u017ca zmiany od pocz\u0105tku do ko\u0144ca.\" \/>\n<meta property=\"og:url\" content=\"https:\/\/jsoncrew.com\/en\/\" \/>\n<meta property=\"og:site_name\" content=\"JSON Crew\" \/>\n<meta property=\"article:modified_time\" content=\"2026-02-20T09:49:14+00:00\" \/>\n<meta property=\"og:image\" content=\"https:\/\/jsoncrew.com\/wp-content\/uploads\/2026\/02\/image-27-e1771579443134.png\" \/>\n\t<meta property=\"og:image:width\" content=\"1536\" \/>\n\t<meta property=\"og:image:height\" content=\"845\" \/>\n\t<meta property=\"og:image:type\" content=\"image\/png\" \/>\n<meta name=\"twitter:card\" content=\"summary_large_image\" \/>\n<script type=\"application\/ld+json\" class=\"yoast-schema-graph\">{\"@context\":\"https:\/\/schema.org\",\"@graph\":[{\"@type\":\"WebPage\",\"@id\":\"https:\/\/jsoncrew.com\/\",\"url\":\"https:\/\/jsoncrew.com\/\",\"name\":\"JSON Crew\",\"isPartOf\":{\"@id\":\"https:\/\/jsoncrew.com\/#website\"},\"datePublished\":\"2026-01-23T07:59:16+00:00\",\"dateModified\":\"2026-02-20T09:49:14+00:00\",\"description\":\"Wdra\u017camy transformacj\u0119 cyfrowej sprzeda\u017cy: od strategii przez procesy po rozwi\u0105zania technologiczne. Software house, kt\u00f3ry wdra\u017ca zmiany od pocz\u0105tku do ko\u0144ca.\",\"breadcrumb\":{\"@id\":\"https:\/\/jsoncrew.com\/#breadcrumb\"},\"inLanguage\":\"en-US\",\"potentialAction\":[{\"@type\":\"ReadAction\",\"target\":[\"https:\/\/jsoncrew.com\/\"]}]},{\"@type\":\"BreadcrumbList\",\"@id\":\"https:\/\/jsoncrew.com\/#breadcrumb\",\"itemListElement\":[{\"@type\":\"ListItem\",\"position\":1,\"name\":\"Strona g\u0142\u00f3wna\",\"item\":\"https:\/\/jsoncrew.com\/\"},{\"@type\":\"ListItem\",\"position\":2,\"name\":\"Home\"}]},{\"@type\":\"WebSite\",\"@id\":\"https:\/\/jsoncrew.com\/#website\",\"url\":\"https:\/\/jsoncrew.com\/\",\"name\":\"JSON Crew: automatyzacje, konfiguratory, interaktywne sale konferencyjne, kioski interaktywne\",\"description\":\"automatyzacje, konfiguratory, interaktywne sale konferencyjne, kioski interaktywne\",\"potentialAction\":[{\"@type\":\"SearchAction\",\"target\":{\"@type\":\"EntryPoint\",\"urlTemplate\":\"https:\/\/jsoncrew.com\/?s={search_term_string}\"},\"query-input\":{\"@type\":\"PropertyValueSpecification\",\"valueRequired\":true,\"valueName\":\"search_term_string\"}}],\"inLanguage\":\"en-US\"}]}<\/script>\n<!-- \/ Yoast SEO Premium plugin. -->","yoast_head_json":{"title":"JSON Crew","description":"We implement digital sales transformation: from strategy to processes to technology solutions. A software house that implements change from start to finish.","robots":{"index":"index","follow":"follow","max-snippet":"max-snippet:-1","max-image-preview":"max-image-preview:large","max-video-preview":"max-video-preview:-1"},"canonical":"https:\/\/jsoncrew.com\/en\/","og_locale":"en_US","og_type":"article","og_title":"Home","og_description":"Wdra\u017camy transformacj\u0119 cyfrowej sprzeda\u017cy: od strategii przez procesy po rozwi\u0105zania technologiczne. Software house, kt\u00f3ry wdra\u017ca zmiany od pocz\u0105tku do ko\u0144ca.","og_url":"https:\/\/jsoncrew.com\/en\/","og_site_name":"JSON Crew","article_modified_time":"2026-02-20T09:49:14+00:00","og_image":[{"width":1536,"height":845,"url":"https:\/\/jsoncrew.com\/wp-content\/uploads\/2026\/02\/image-27-e1771579443134.png","type":"image\/png"}],"twitter_card":"summary_large_image","schema":{"@context":"https:\/\/schema.org","@graph":[{"@type":"WebPage","@id":"https:\/\/jsoncrew.com\/","url":"https:\/\/jsoncrew.com\/","name":"JSON Crew","isPartOf":{"@id":"https:\/\/jsoncrew.com\/#website"},"datePublished":"2026-01-23T07:59:16+00:00","dateModified":"2026-02-20T09:49:14+00:00","description":"We implement digital sales transformation: from strategy to processes to technology solutions. A software house that implements change from start to finish.","breadcrumb":{"@id":"https:\/\/jsoncrew.com\/#breadcrumb"},"inLanguage":"en-US","potentialAction":[{"@type":"ReadAction","target":["https:\/\/jsoncrew.com\/"]}]},{"@type":"BreadcrumbList","@id":"https:\/\/jsoncrew.com\/#breadcrumb","itemListElement":[{"@type":"ListItem","position":1,"name":"Strona g\u0142\u00f3wna","item":"https:\/\/jsoncrew.com\/"},{"@type":"ListItem","position":2,"name":"Home"}]},{"@type":"WebSite","@id":"https:\/\/jsoncrew.com\/#website","url":"https:\/\/jsoncrew.com\/","name":"JSON Crew: automations, configurators, interactive meeting rooms, interactive kiosks","description":"automations, configurators, interactive conference rooms, interactive kiosks","potentialAction":[{"@type":"SearchAction","target":{"@type":"EntryPoint","urlTemplate":"https:\/\/jsoncrew.com\/?s={search_term_string}"},"query-input":{"@type":"PropertyValueSpecification","valueRequired":true,"valueName":"search_term_string"}}],"inLanguage":"en-US"}]}},"_links":{"self":[{"href":"https:\/\/jsoncrew.com\/en\/wp-json\/wp\/v2\/pages\/92","targetHints":{"allow":["GET"]}}],"collection":[{"href":"https:\/\/jsoncrew.com\/en\/wp-json\/wp\/v2\/pages"}],"about":[{"href":"https:\/\/jsoncrew.com\/en\/wp-json\/wp\/v2\/types\/page"}],"author":[{"embeddable":true,"href":"https:\/\/jsoncrew.com\/en\/wp-json\/wp\/v2\/users\/1"}],"replies":[{"embeddable":true,"href":"https:\/\/jsoncrew.com\/en\/wp-json\/wp\/v2\/comments?post=92"}],"version-history":[{"count":1,"href":"https:\/\/jsoncrew.com\/en\/wp-json\/wp\/v2\/pages\/92\/revisions"}],"predecessor-version":[{"id":93,"href":"https:\/\/jsoncrew.com\/en\/wp-json\/wp\/v2\/pages\/92\/revisions\/93"}],"wp:attachment":[{"href":"https:\/\/jsoncrew.com\/en\/wp-json\/wp\/v2\/media?parent=92"}],"curies":[{"name":"wp","href":"https:\/\/api.w.org\/{rel}","templated":true}]}}